{"id":4143,"date":"2026-05-01T16:46:20","date_gmt":"2026-05-01T09:46:20","guid":{"rendered":"https:\/\/asahitecvn.com\/?page_id=4143"},"modified":"2026-05-02T09:28:43","modified_gmt":"2026-05-02T02:28:43","slug":"4143-2","status":"publish","type":"page","link":"https:\/\/asahitecvn.com\/?page_id=4143","title":{"rendered":"Gi\u1edbi thi\u1ec7u"},"content":{"rendered":"<div class=\"wpb-content-wrapper\"><p>[vc_row][vc_column][gva_block_heading title=&#8221;GI\u1edaI THI\u1ec6U&#8221;][vc_column_text]<img decoding=\"async\" class=\"size-medium wp-image-4142 alignright\" src=\"https:\/\/asahitecvn.com\/wp-content\/uploads\/2026\/05\/profile2-300x300.jpg\" alt=\"\" width=\"300\" height=\"300\" \/>T\u00f4i t\u00ean l\u00e0 <b data-path-to-node=\"5\" data-index-in-node=\"7\">Nguy\u1ec5n Tu\u1ea5n Anh<\/b>, m\u1ed9t chuy\u00ean gia t\u01b0 v\u1ea5n v\u00e0 \u0111i\u1ec1u h\u00e0nh v\u1edbi h\u01a1n nhi\u1ec1u n\u0103m kinh nghi\u1ec7m th\u1ef1c chi\u1ebfn trong m\u00f4i tr\u01b0\u1eddng kinh doanh Nh\u1eadt B\u1ea3n v\u00e0 Vi\u1ec7t Nam. V\u1edbi t\u00f4i, s\u1ef1 tin t\u01b0\u1edfng c\u1ee7a kh\u00e1ch h\u00e0ng kh\u00f4ng ch\u1ec9 x\u00e2y d\u1ef1ng qua nh\u1eefng con s\u1ed1, m\u00e0 c\u00f2n qua s\u1ef1 th\u1ea5u hi\u1ec3u s\u00e2u s\u1eafc v\u00e0 cam k\u1ebft \u0111\u1ed3ng h\u00e0nh t\u1eadn t\u00e2m.<\/p>\n<h3 data-path-to-node=\"6\">N\u1ec1n t\u1ea3ng tri th\u1ee9c v\u00e0 T\u01b0 duy Nh\u1eadt B\u1ea3n chu\u1ea9n m\u1ef1c<\/h3>\n<p data-path-to-node=\"7\">T\u00f4i may m\u1eafn c\u00f3 c\u01a1 h\u1ed9i \u0111\u01b0\u1ee3c \u0111\u00e0o t\u1ea1o b\u00e0i b\u1ea3n t\u1ea1i <b data-path-to-node=\"7\" data-index-in-node=\"47\">\u0110\u1ea1i h\u1ecdc Tohoku &#8211; Khoa c\u00f4ng nghi\u1ec7p &#8211; Ng\u00e0nh CNTT<\/b> 1 trong 7 tr\u01b0\u1eddng \u0111\u1ebf qu\u1ed1c danh gi\u00e1 h\u00e0ng \u0111\u1ea7u Nh\u1eadt B\u1ea3n.<\/p>\n<ul data-path-to-node=\"8\">\n<li>V\u1edbi tr\u00ecnh \u0111\u1ed9 <b data-path-to-node=\"7\" data-index-in-node=\"133\">ti\u1ebfng Nh\u1eadt N1<\/b>, t\u00f4i kh\u00f4ng ch\u1ec9 s\u1eed d\u1ee5ng ng\u00f4n ng\u1eef nh\u01b0 m\u1ed9t c\u00f4ng c\u1ee5 giao ti\u1ebfp, m\u00e0 c\u00f2n l\u00e0 ph\u01b0\u01a1ng ti\u1ec7n \u0111\u1ec3 th\u1ea5u c\u1ea3m t\u01b0 duy c\u1ee7a ng\u01b0\u1eddi b\u1ea3n x\u1ee9.<\/li>\n<li>\n<p data-path-to-node=\"8,0,0\"><b data-path-to-node=\"8,0,0\" data-index-in-node=\"0\">Kinh nghi\u1ec7m t\u1ea1i Nh\u1eadt:<\/b> Qu\u00e1 tr\u00ecnh l\u00e0m vi\u1ec7c t\u1ea1i c\u00e1c c\u00f4ng ty IT t\u1ea1i Nh\u1eadt B\u1ea3n \u0111\u00e3 r\u00e8n luy\u1ec7n cho t\u00f4i t\u01b0 duy <b data-path-to-node=\"8,0,0\" data-index-in-node=\"101\">Omotenashi<\/b> (ph\u1ee5c v\u1ee5 b\u1eb1ng c\u1ea3 tr\u00e1i tim), c\u00f9ng t\u00e1c phong, l\u1ec5 ngh\u0129a v\u00e0 k\u1ef9 n\u0103ng kinh doanh (Business Manners) chu\u1ea9n m\u1ef1c. Nh\u1eefng gi\u00e1 tr\u1ecb n\u00e0y \u0111\u00e3 tr\u1edf th\u00e0nh kim ch\u1ec9 nam trong m\u1ecdi ho\u1ea1t \u0111\u1ed9ng chuy\u00ean m\u00f4n c\u1ee7a t\u00f4i.<\/p>\n<\/li>\n<\/ul>\n<h3 data-path-to-node=\"9\">Kinh nghi\u1ec7m \u0111i\u1ec1u h\u00e0nh v\u00e0 Th\u1ef1c thi v\u0103n h\u00f3a doanh nghi\u1ec7p<\/h3>\n<p data-path-to-node=\"10\">Tr\u1ea3i qua nhi\u1ec1u v\u1ecb tr\u00ed c\u1ed1t c\u00e1n nh\u01b0 <b data-path-to-node=\"10\" data-index-in-node=\"34\">Tr\u1ee3 l\u00fd Gi\u00e1m \u0111\u1ed1c, Tr\u01b0\u1edfng ph\u00f2ng, v\u00e0 Gi\u00e1m \u0111\u1ed1c, ch\u1ee7 doanh nghi\u1ec7p<\/b> t\u1ea1i c\u00e1c doanh nghi\u1ec7p Nh\u1eadt B\u1ea3n v\u00e0 Vi\u1ec7t Nam, t\u00f4i t\u1ef1 tin l\u00e0 &#8220;m\u1eaft x\u00edch&#8221; ho\u00e0n h\u1ea3o \u0111\u1ec3 g\u1eafn k\u1ebft v\u00e0 ph\u00e1t huy th\u1ebf m\u1ea1nh c\u1ee7a hai n\u1ec1n v\u0103n h\u00f3a:<\/p>\n<ul data-path-to-node=\"11\">\n<li>\n<p data-path-to-node=\"11,0,0\"><b data-path-to-node=\"11,0,0\" data-index-in-node=\"0\">Th\u1ea5u hi\u1ec3u nh\u00e2n s\u1ef1:<\/b> T\u00f4i hi\u1ec3u r\u00f5 \u0111\u1eb7c th\u00f9 t\u01b0 duy c\u1ee7a nh\u00e2n s\u1ef1 Vi\u1ec7t Nam, t\u1eeb \u0111\u00f3 c\u00f3 nh\u1eefng ph\u01b0\u01a1ng ph\u00e1p \u0111i\u1ec1u ph\u1ed1i kh\u00e9o l\u00e9o \u0111\u1ec3 \u00e1p d\u1ee5ng th\u00e0nh c\u00f4ng c\u00e1c ti\u00eau chu\u1ea9n Nh\u1eadt B\u1ea3n nh\u01b0 <b data-path-to-node=\"11,0,0\" data-index-in-node=\"166\">5S, Kaizen, Horensho, &#8230;<\/b> v\u00e0o th\u1ef1c t\u1ebf v\u1eadn h\u00e0nh.<\/p>\n<\/li>\n<li>\n<p data-path-to-node=\"11,1,0\"><b data-path-to-node=\"11,1,0\" data-index-in-node=\"0\">X\u1eed l\u00fd t\u00ecnh hu\u1ed1ng:<\/b> V\u1edbi kinh nghi\u1ec7m t\u01b0 v\u1ea5n d\u00e0y d\u1eb7n, t\u00f4i \u0111\u00e3 tr\u1ef1c ti\u1ebfp gi\u1ea3i quy\u1ebft th\u00e0nh c\u00f4ng nhi\u1ec1u t\u00ecnh hu\u1ed1ng qu\u1ea3n tr\u1ecb v\u00e0 ph\u00e1p l\u00fd ph\u1ee9c t\u1ea1p, gi\u00fap doanh nghi\u1ec7p t\u1ed1i \u01b0u h\u00f3a quy tr\u00ecnh v\u00e0 gi\u1ea3m thi\u1ec3u r\u1ee7i ro.<\/p>\n<\/li>\n<\/ul>\n<h3 data-path-to-node=\"12\">Uy t\u00edn \u0111\u01b0\u1ee3c kh\u1eb3ng \u0111\u1ecbnh b\u1edfi c\u1ed9ng \u0111\u1ed3ng<\/h3>\n<p data-path-to-node=\"13\">S\u1ef1 t\u1eadn t\u00e2m c\u1ee7a t\u00f4i kh\u00f4ng ch\u1ec9 g\u00f3i g\u1ecdn trong c\u00f4ng vi\u1ec7c m\u00e0 c\u00f2n lan t\u1ecfa t\u1edbi c\u1ed9ng \u0111\u1ed3ng:<\/p>\n<ul data-path-to-node=\"14\">\n<li>\n<p data-path-to-node=\"14,0,0\"><b data-path-to-node=\"14,0,0\" data-index-in-node=\"0\">Vinh d\u1ef1:<\/b> Trong 4 n\u0103m h\u1ecdc t\u1eadp t\u1ea1i \u0111\u1ea1i h\u1ecdc Tohoku, t\u00f4i \u0111\u00e3 c\u00f3 <b data-path-to-node=\"14,0,0\" data-index-in-node=\"49\">3 l\u1ea7n nh\u1eadn b\u1eb1ng khen t\u1eeb \u0110\u1ea1i s\u1ee9 qu\u00e1n Vi\u1ec7t Nam<\/b> v\u00ec nh\u1eefng \u0111\u00f3ng g\u00f3p t\u00edch c\u1ef1c cho phong tr\u00e0o sinh vi\u00ean v\u00e0 c\u1ed9ng \u0111\u1ed3ng ng\u01b0\u1eddi Vi\u1ec7t.<\/p>\n<\/li>\n<li>\n<p data-path-to-node=\"14,1,0\"><b data-path-to-node=\"14,1,0\" data-index-in-node=\"0\">C\u1eadp nh\u1eadt th\u1ef1c t\u1ebf:<\/b> Hi\u1ec7n t\u1ea1i, t\u00f4i th\u01b0\u1eddng xuy\u00ean tham gia giao l\u01b0u v\u00e0 t\u01b0 v\u1ea5n h\u01b0\u1edbng nghi\u1ec7p cho sinh vi\u00ean. Nh\u1eefng sinh vi\u00ean c\u00f3 nguy\u1ec7n v\u1ecdng t\u00f4i l\u1ea1i h\u1ed7 tr\u1ee3 cho c\u00e1c b\u1ea1n tham gia ch\u01b0\u01a1ng tr\u00ecnh th\u1ef1c t\u1eadp t\u1ed1t nghi\u1ec7p t\u1ea1i Nh\u1eadt B\u1ea3n \u0111\u1ec3 c\u00e1c b\u1ea1n \u0111\u01b0\u1ee3c chu\u1ea9n b\u1ecb h\u00e0nh trang th\u1eadt t\u1ed1t ph\u00e1t tri\u1ec3n s\u1ef1 nghi\u1ec7p sau khi t\u1ed1t nghi\u1ec7p. \u0110i\u1ec1u n\u00e0y gi\u00fap t\u00f4i lu\u00f4n n\u1eafm b\u1eaft \u0111\u01b0\u1ee3c nh\u1ecbp th\u1edf v\u00e0 th\u1ef1c tr\u1ea1ng th\u1ecb tr\u01b0\u1eddng nh\u00e2n s\u1ef1 Vi\u1ec7t Nam m\u1edbi nh\u1ea5t \u0111\u1ec3 \u0111\u01b0a ra nh\u1eefng t\u01b0 v\u1ea5n s\u00e1t s\u01b0\u1eddn cho kh\u00e1ch h\u00e0ng.<\/p>\n<\/li>\n<\/ul>\n<p data-path-to-node=\"15\"><b data-path-to-node=\"15\" data-index-in-node=\"0\">Th\u01b0a Qu\u00fd kh\u00e1ch h\u00e0ng,<\/b> B\u1eb1ng s\u1ef1 k\u1ebft h\u1ee3p gi\u1eefa k\u1ef9 thu\u1eadt qu\u1ea3n tr\u1ecb Nh\u1eadt B\u1ea3n v\u00e0 s\u1ef1 linh ho\u1ea1t c\u1ee7a th\u1ecb tr\u01b0\u1eddng Vi\u1ec7t Nam, t\u00f4i cam k\u1ebft mang l\u1ea1i nh\u1eefng gi\u00e1 tr\u1ecb b\u1ec1n v\u1eefng v\u00e0 gi\u1ea3i ph\u00e1p th\u1ef1c ch\u1ea5t nh\u1ea5t cho doanh nghi\u1ec7p c\u1ee7a qu\u00fd kh\u00e1ch.<\/p>\n<p data-path-to-node=\"16\">R\u1ea5t mong c\u00f3 c\u01a1 h\u1ed9i \u0111\u01b0\u1ee3c tr\u1ef1c ti\u1ebfp th\u1ea3o lu\u1eadn v\u1ec1 nh\u1eefng m\u1ee5c ti\u00eau m\u00e0 Qu\u00fd v\u1ecb \u0111ang h\u01b0\u1edbng t\u1edbi.<\/p>\n<p data-path-to-node=\"17\"><b data-path-to-node=\"17\" data-index-in-node=\"0\">Tr\u00e2n tr\u1ecdng,<\/b><\/p>\n<p>[\/vc_column_text][\/vc_column][\/vc_row]<\/p>\n<\/div>","protected":false},"excerpt":{"rendered":"<p>[vc_row][vc_column][gva_block_heading title=&#8221;GI\u1edaI THI\u1ec6U&#8221;][vc_column_text]T\u00f4i t\u00ean l\u00e0 Nguy\u1ec5n Tu\u1ea5n Anh, m\u1ed9t chuy\u00ean gia t\u01b0 v\u1ea5n v\u00e0 \u0111i\u1ec1u h\u00e0nh v\u1edbi h\u01a1n nhi\u1ec1u n\u0103m kinh nghi\u1ec7m th\u1ef1c chi\u1ebfn trong m\u00f4i tr\u01b0\u1eddng kinh doanh Nh\u1eadt B\u1ea3n v\u00e0 Vi\u1ec7t Nam. V\u1edbi t\u00f4i, s\u1ef1 tin t\u01b0\u1edfng c\u1ee7a kh\u00e1ch h\u00e0ng kh\u00f4ng ch\u1ec9 x\u00e2y d\u1ef1ng qua nh\u1eefng con s\u1ed1, m\u00e0 c\u00f2n qua s\u1ef1 th\u1ea5u [&hellip;]<\/p>\n","protected":false},"author":1,"featured_media":0,"parent":0,"menu_order":0,"comment_status":"closed","ping_status":"closed","template":"","meta":{"footnotes":""},"class_list":["post-4143","page","type-page","status-publish","hentry"],"lang":"vi","translations":{"vi":4143,"ja":4149},"pll_sync_post":[],"_links":{"self":[{"href":"https:\/\/asahitecvn.com\/index.php?rest_route=\/wp\/v2\/pages\/4143","targetHints":{"allow":["GET"]}}],"collection":[{"href":"https:\/\/asahitecvn.com\/index.php?rest_route=\/wp\/v2\/pages"}],"about":[{"href":"https:\/\/asahitecvn.com\/index.php?rest_route=\/wp\/v2\/types\/page"}],"author":[{"embeddable":true,"href":"https:\/\/asahitecvn.com\/index.php?rest_route=\/wp\/v2\/users\/1"}],"replies":[{"embeddable":true,"href":"https:\/\/asahitecvn.com\/index.php?rest_route=%2Fwp%2Fv2%2Fcomments&post=4143"}],"version-history":[{"count":5,"href":"https:\/\/asahitecvn.com\/index.php?rest_route=\/wp\/v2\/pages\/4143\/revisions"}],"predecessor-version":[{"id":4158,"href":"https:\/\/asahitecvn.com\/index.php?rest_route=\/wp\/v2\/pages\/4143\/revisions\/4158"}],"wp:attachment":[{"href":"https:\/\/asahitecvn.com\/index.php?rest_route=%2Fwp%2Fv2%2Fmedia&parent=4143"}],"curies":[{"name":"wp","href":"https:\/\/api.w.org\/{rel}","templated":true}]}}