{"id":4065,"date":"2026-04-27T09:04:10","date_gmt":"2026-04-27T02:04:10","guid":{"rendered":"https:\/\/asahitecvn.com\/?page_id=4065"},"modified":"2026-04-27T09:05:50","modified_gmt":"2026-04-27T02:05:50","slug":"%e3%81%8a%e5%95%8f%e5%90%88%e3%81%9b","status":"publish","type":"page","link":"https:\/\/asahitecvn.com\/?page_id=4065&lang=ja","title":{"rendered":"\u304a\u554f\u5408\u305b"},"content":{"rendered":"<div class=\"wpb-content-wrapper\"><p>[vc_row row_space=&#8221;remove_padding&#8221;][vc_column width=&#8221;2\/3&#8243;]\n<div class=\"wpcf7 no-js\" id=\"wpcf7-f4068-o1\" lang=\"en-US\" dir=\"ltr\" data-wpcf7-id=\"4068\">\n<div class=\"screen-reader-response\"><p role=\"status\" aria-live=\"polite\" aria-atomic=\"true\"><\/p> <ul><\/ul><\/div>\n<form action=\"\/index.php?rest_route=%2Fwp%2Fv2%2Fpages%2F4065#wpcf7-f4068-o1\" method=\"post\" class=\"wpcf7-form init\" aria-label=\"Contact form\" novalidate=\"novalidate\" data-status=\"init\">\n<fieldset class=\"hidden-fields-container\"><input type=\"hidden\" name=\"_wpcf7\" value=\"4068\" \/><input type=\"hidden\" name=\"_wpcf7_version\" value=\"6.1.5\" \/><input type=\"hidden\" name=\"_wpcf7_locale\" value=\"en_US\" \/><input type=\"hidden\" name=\"_wpcf7_unit_tag\" value=\"wpcf7-f4068-o1\" \/><input type=\"hidden\" name=\"_wpcf7_container_post\" value=\"0\" \/><input type=\"hidden\" name=\"_wpcf7_posted_data_hash\" value=\"\" \/>\n<\/fieldset>\n<p><label> \u304a\u540d\u524d<br \/>\n<span class=\"wpcf7-form-control-wrap\" data-name=\"your-name\"><input size=\"40\" maxlength=\"400\" class=\"wpcf7-form-control wpcf7-text wpcf7-validates-as-required\" autocomplete=\"name\" aria-required=\"true\" aria-invalid=\"false\" value=\"\" type=\"text\" name=\"your-name\" \/><\/span> <\/label>\n<\/p>\n<p><label> \u30e1\u30fc\u30eb\u30a2\u30c9\u30ec\u30b9<br \/>\n<span class=\"wpcf7-form-control-wrap\" data-name=\"your-email\"><input size=\"40\" maxlength=\"400\" class=\"wpcf7-form-control wpcf7-email wpcf7-validates-as-required wpcf7-text wpcf7-validates-as-email\" autocomplete=\"email\" aria-required=\"true\" aria-invalid=\"false\" value=\"\" type=\"email\" name=\"your-email\" \/><\/span> <\/label>\n<\/p>\n<p><label> \u8868\u8a18<br \/>\n<span class=\"wpcf7-form-control-wrap\" data-name=\"your-subject\"><input size=\"40\" maxlength=\"400\" class=\"wpcf7-form-control wpcf7-text wpcf7-validates-as-required\" aria-required=\"true\" aria-invalid=\"false\" value=\"\" type=\"text\" name=\"your-subject\" \/><\/span> <\/label>\n<\/p>\n<p><label> \u5185\u5bb9<br \/>\n<span class=\"wpcf7-form-control-wrap\" data-name=\"your-message\"><textarea cols=\"40\" rows=\"10\" maxlength=\"2000\" class=\"wpcf7-form-control wpcf7-textarea\" aria-invalid=\"false\" name=\"your-message\"><\/textarea><\/span> <\/label>\n<\/p>\n<p><input class=\"wpcf7-form-control wpcf7-submit has-spinner\" type=\"submit\" value=\"\u9001\u4fe1\" \/>\n<\/p><div class=\"wpcf7-response-output\" aria-hidden=\"true\"><\/div>\n<\/form>\n<\/div>\n[\/vc_column][vc_column width=&#8221;1\/3&#8243;][gva_block_heading title=&#8221;Main office&#8221; style=&#8221;style-2&#8243; align=&#8221;align-left&#8221;][gva_contact_info photo=&#8221;954&#8243; address=&#8221;T\u1ea7ng tr\u1ec7t, To\u00e0 nh\u00e0 Thi\u00ean S\u01a1n, s\u1ed1 5, Nguy\u1ec5n Gia Thi\u1ec1u, Ph\u01b0\u1eddng Xu\u00e2n Ho\u00e0, Th\u00e0nh ph\u1ed1 H\u1ed3 Ch\u00ed Minh, Vi\u1ec7t Nam &#8221; phone=&#8221;Phone: +84 987 149 686&#8243; email=&#8221;tuananh@asahitecvn.com&#8221; website=&#8221;https:\/\/asahitecvn.com&#8221;][\/vc_column][\/vc_row][vc_row row_space=&#8221;remove_padding&#8221; isfullwidth=&#8221;0&#8243;][vc_column][vc_gmaps link=&#8221;#E-8_JTNDaWZyYW1lJTIwc3JjJTNEJTIyaHR0cHMlM0ElMkYlMkZ3d3cuZ29vZ2xlLmNvbSUyRm1hcHMlMkZlbWJlZCUzRnBiJTNEJTIxMW0xOCUyMTFtMTIlMjExbTMlMjExZDM5MTkuNDE4ODgzOTAzNzM4JTIxMmQxMDYuNjg3MDQwNzczNjc1ODIlMjEzZDEwLjc3OTE5NDg1OTE0NTQzNCUyMTJtMyUyMTFmMCUyMTJmMCUyMTNmMCUyMTNtMiUyMTFpMTAyNCUyMTJpNzY4JTIxNGYxMy4xJTIxM20zJTIxMW0yJTIxMXMweDMxNzUyZjNkYjRhOTRlYTUlMjUzQTB4ZDU3OTRkZDQxMzUwNDY3MCUyMTJzQVNBSEklMjUyMFRFQyUyNTIwVklFVE5BTSUyNTIwQ08uJTI1MkMlMjUyMExURC4lMjUyMC0lMjUyMEhPJTI1MjBDSEklMjUyME1JTkglMjUyMEJSQU5DSCUyMTVlMCUyMTNtMiUyMTFzZW4lMjEycyUyMTR2MTc3NzIyMDUzNjI5NiUyMTVtMiUyMTFzZW4lMjEycyUyMiUyMHdpZHRoJTNEJTIyNjAwJTIyJTIwaGVpZ2h0JTNEJTIyNDUwJTIyJTIwc3R5bGUlM0QlMjJib3JkZXIlM0EwJTNCJTIyJTIwYWxsb3dmdWxsc2NyZWVuJTNEJTIyJTIyJTIwbG9hZGluZyUzRCUyMmxhenklMjIlMjByZWZlcnJlcnBvbGljeSUzRCUyMm5vLXJlZmVycmVyLXdoZW4tZG93bmdyYWRlJTIyJTNFJTNDJTJGaWZyYW1lJTNF&#8221; size=&#8221;450&#8243; css=&#8221;.vc_custom_1777220591993{padding-top: 50px !important;padding-bottom: 50px !important;}&#8221;][\/vc_column][\/vc_row]<\/p>\n<\/div>","protected":false},"excerpt":{"rendered":"<p>[vc_row row_space=&#8221;remove_padding&#8221;][vc_column width=&#8221;2\/3&#8243;][\/vc_column][vc_column width=&#8221;1\/3&#8243;][gva_block_heading title=&#8221;Main office&#8221; style=&#8221;style-2&#8243; align=&#8221;align-left&#8221;][gva_contact_info photo=&#8221;954&#8243; address=&#8221;T\u1ea7ng tr\u1ec7t, To\u00e0 nh\u00e0 Thi\u00ean S\u01a1n, s\u1ed1 5, Nguy\u1ec5n Gia Thi\u1ec1u, Ph\u01b0\u1eddng Xu\u00e2n Ho\u00e0, Th\u00e0nh ph\u1ed1 H\u1ed3 Ch\u00ed Minh, Vi\u1ec7t Nam &#8221; phone=&#8221;Phone: +84 987 149 686&#8243; email=&#8221;tuananh@asahitecvn.com&#8221; website=&#8221;https:\/\/asahitecvn.com&#8221;][\/vc_column][\/vc_row][vc_row row_space=&#8221;remove_padding&#8221; isfullwidth=&#8221;0&#8243;][vc_column][vc_gmaps link=&#8221;#E-8_JTNDaWZyYW1lJTIwc3JjJTNEJTIyaHR0cHMlM0ElMkYlMkZ3d3cuZ29vZ2xlLmNvbSUyRm1hcHMlMkZlbWJlZCUzRnBiJTNEJTIxMW0xOCUyMTFtMTIlMjExbTMlMjExZDM5MTkuNDE4ODgzOTAzNzM4JTIxMmQxMDYuNjg3MDQwNzczNjc1ODIlMjEzZDEwLjc3OTE5NDg1OTE0NTQzNCUyMTJtMyUyMTFmMCUyMTJmMCUyMTNmMCUyMTNtMiUyMTFpMTAyNCUyMTJpNzY4JTIxNGYxMy4xJTIxM20zJTIxMW0yJTIxMXMweDMxNzUyZjNkYjRhOTRlYTUlMjUzQTB4ZDU3OTRkZDQxMzUwNDY3MCUyMTJzQVNBSEklMjUyMFRFQyUyNTIwVklFVE5BTSUyNTIwQ08uJTI1MkMlMjUyMExURC4lMjUyMC0lMjUyMEhPJTI1MjBDSEklMjUyME1JTkglMjUyMEJSQU5DSCUyMTVlMCUyMTNtMiUyMTFzZW4lMjEycyUyMTR2MTc3NzIyMDUzNjI5NiUyMTVtMiUyMTFzZW4lMjEycyUyMiUyMHdpZHRoJTNEJTIyNjAwJTIyJTIwaGVpZ2h0JTNEJTIyNDUwJTIyJTIwc3R5bGUlM0QlMjJib3JkZXIlM0EwJTNCJTIyJTIwYWxsb3dmdWxsc2NyZWVuJTNEJTIyJTIyJTIwbG9hZGluZyUzRCUyMmxhenklMjIlMjByZWZlcnJlcnBvbGljeSUzRCUyMm5vLXJlZmVycmVyLXdoZW4tZG93bmdyYWRlJTIyJTNFJTNDJTJGaWZyYW1lJTNF&#8221; size=&#8221;450&#8243; css=&#8221;.vc_custom_1777220591993{padding-top: 50px !important;padding-bottom: 50px !important;}&#8221;][\/vc_column][\/vc_row]<\/p>\n","protected":false},"author":1,"featured_media":0,"parent":0,"menu_order":0,"comment_status":"closed","ping_status":"closed","template":"","meta":{"footnotes":""},"class_list":["post-4065","page","type-page","status-publish","hentry"],"lang":"ja","translations":{"ja":4065},"pll_sync_post":[],"_links":{"self":[{"href":"https:\/\/asahitecvn.com\/index.php?rest_route=\/wp\/v2\/pages\/4065","targetHints":{"allow":["GET"]}}],"collection":[{"href":"https:\/\/asahitecvn.com\/index.php?rest_route=\/wp\/v2\/pages"}],"about":[{"href":"https:\/\/asahitecvn.com\/index.php?rest_route=\/wp\/v2\/types\/page"}],"author":[{"embeddable":true,"href":"https:\/\/asahitecvn.com\/index.php?rest_route=\/wp\/v2\/users\/1"}],"replies":[{"embeddable":true,"href":"https:\/\/asahitecvn.com\/index.php?rest_route=%2Fwp%2Fv2%2Fcomments&post=4065"}],"version-history":[{"count":3,"href":"https:\/\/asahitecvn.com\/index.php?rest_route=\/wp\/v2\/pages\/4065\/revisions"}],"predecessor-version":[{"id":4071,"href":"https:\/\/asahitecvn.com\/index.php?rest_route=\/wp\/v2\/pages\/4065\/revisions\/4071"}],"wp:attachment":[{"href":"https:\/\/asahitecvn.com\/index.php?rest_route=%2Fwp%2Fv2%2Fmedia&parent=4065"}],"curies":[{"name":"wp","href":"https:\/\/api.w.org\/{rel}","templated":true}]}}