{"id":147,"date":"2015-12-22T07:13:27","date_gmt":"2015-12-22T07:13:27","guid":{"rendered":"https:\/\/gaviaspreview.com\/wp\/winnex\/?page_id=147"},"modified":"2026-04-27T10:43:31","modified_gmt":"2026-04-27T03:43:31","slug":"trang-chu","status":"publish","type":"page","link":"https:\/\/asahitecvn.com\/","title":{"rendered":"Trang ch\u1ee7"},"content":{"rendered":"<div class=\"wpb-content-wrapper\"><p>[vc_row fullwidth=&#8221;0&#8243; row_space=&#8221;remove_padding&#8221; isfullwidth=&#8221;0&#8243;][vc_column]\n\t\t\t<!-- START slider1 vn REVOLUTION SLIDER 6.6.20 --><p class=\"rs-p-wp-fix\"><\/p>\n\t\t\t<rs-module-wrap id=\"rev_slider_1_1_wrapper\" data-source=\"gallery\" style=\"visibility:hidden;background:transparent;padding:0;margin:0px auto;margin-top:0;margin-bottom:0;\">\n\t\t\t\t<rs-module id=\"rev_slider_1_1\" style=\"\" data-version=\"6.6.20\">\n\t\t\t\t\t<rs-slides style=\"overflow: hidden; position: absolute;\">\n\t\t\t\t\t\t<rs-slide style=\"position: absolute;\" data-key=\"rs-1\" data-title=\"Slide\" data-in=\"o:0;\" data-out=\"a:false;\">\n\t\t\t\t\t\t\t<img decoding=\"async\" src=\"\/\/asahitecvn.com\/wp-content\/plugins\/revslider\/public\/assets\/assets\/dummy.png\" alt=\"\" title=\"slider-11.png\" width=\"1920\" height=\"700\" class=\"rev-slidebg tp-rs-img rs-lazyload\" data-lazyload=\"\/\/mdqfurniture.com\/wp-content\/uploads\/revslider\/slider-1\/slider-11.png\" data-panzoom=\"d:10000;ss:100;se:109;\" data-no-retina>\n<!--\n\t\t\t\t\t\t\t--><rs-layer\n\t\t\t\t\t\t\t\tid=\"slider-1-slide-1-layer-3\" \n\t\t\t\t\t\t\t\tdata-type=\"text\"\n\t\t\t\t\t\t\t\tdata-color=\"#222222||#222222||#222b2c||#222b2c\"\n\t\t\t\t\t\t\t\tdata-rsp_ch=\"on\"\n\t\t\t\t\t\t\t\tdata-xy=\"x:l,l,c,l;xo:10px,10px,0,10px;yo:204px,204px,138px,97px;\"\n\t\t\t\t\t\t\t\tdata-text=\"s:50,50,36,28;l:64,64,42,34;fw:700;\"\n\t\t\t\t\t\t\t\tdata-frame_0=\"y:100%;\"\n\t\t\t\t\t\t\t\tdata-frame_0_mask=\"u:t;y:100%;\"\n\t\t\t\t\t\t\t\tdata-frame_1=\"e:power2.inOut;st:260;sp:2000;sR:260;\"\n\t\t\t\t\t\t\t\tdata-frame_1_mask=\"u:t;\"\n\t\t\t\t\t\t\t\tdata-frame_999=\"st:w;sR:8360;auto:true;\"\n\t\t\t\t\t\t\t\tstyle=\"z-index:5;font-family:'Montserrat';\"\n\t\t\t\t\t\t\t>C\u1ea7u n\u1ed1i b\u1ec1n v\u1eefng <br>\ncho kh\u00e1t v\u1ecdng Vi\u1ec7t - Nh\u1eadt  \n\t\t\t\t\t\t\t<\/rs-layer><!--\n\n\t\t\t\t\t\t\t--><rs-layer\n\t\t\t\t\t\t\t\tid=\"slider-1-slide-1-layer-4\" \n\t\t\t\t\t\t\t\tdata-type=\"text\"\n\t\t\t\t\t\t\t\tdata-color=\"#777777||#777777||#333333||#333333\"\n\t\t\t\t\t\t\t\tdata-rsp_ch=\"on\"\n\t\t\t\t\t\t\t\tdata-xy=\"x:l,l,c,l;xo:12px,12px,0,10px;yo:348px,348px,239px,191px;\"\n\t\t\t\t\t\t\t\tdata-text=\"s:16;l:28,28,28,26;\"\n\t\t\t\t\t\t\t\tdata-frame_0=\"y:50px;\"\n\t\t\t\t\t\t\t\tdata-frame_1=\"e:power2.inOut;st:910;sp:420;sR:910;\"\n\t\t\t\t\t\t\t\tdata-frame_999=\"y:-50px;o:0;e:nothing;st:w;sR:7670;\"\n\t\t\t\t\t\t\t\tstyle=\"z-index:6;font-family:'Heebo';\"\n\t\t\t\t\t\t\t>H\u1ed7 tr\u1ee3 to\u00e0n di\u1ec7n cho doanh nghi\u1ec7p Nh\u1eadt B\u1ea3n <br>Ki\u1ebfn t\u1ea1o s\u1ef1 nghi\u1ec7p \u0111\u1ec9nh cao cho t\u00e0i n\u0103ng Vi\u1ec7t \n\t\t\t\t\t\t\t<\/rs-layer><!--\n\n\t\t\t\t\t\t\t--><a\n\t\t\t\t\t\t\t\tid=\"slider-1-slide-1-layer-6\" \n\t\t\t\t\t\t\t\tclass=\"rs-layer rev-btn\"\n\t\t\t\t\t\t\t\thref=\"https:\/\/asahitecvn.com\/?page_id=3959\" target=\"_self\"\n\t\t\t\t\t\t\t\tdata-type=\"button\"\n\t\t\t\t\t\t\t\tdata-color=\"rgba(255, 255, 255, 1)\"\n\t\t\t\t\t\t\t\tdata-xy=\"x:l,l,c,l;xo:10px,10px,0,8px;yo:428px,428px,315px,256px;\"\n\t\t\t\t\t\t\t\tdata-text=\"s:16,16,14,12;l:14,14,12,12;fw:600,600,500,500;\"\n\t\t\t\t\t\t\t\tdata-rsp_bd=\"off\"\n\t\t\t\t\t\t\t\tdata-padding=\"t:18,18,10,10;r:35,35,20,20;b:18,18,10,10;l:35,35,20,20;\"\n\t\t\t\t\t\t\t\tdata-border=\"bor:30px,30px,30px,30px;\"\n\t\t\t\t\t\t\t\tdata-frame_0=\"y:50px;\"\n\t\t\t\t\t\t\t\tdata-frame_1=\"e:power2.inOut;st:1330;sp:390;sR:1330;\"\n\t\t\t\t\t\t\t\tdata-frame_999=\"y:-50px;o:0;e:nothing;st:w;sR:7280;\"\n\t\t\t\t\t\t\t\tdata-frame_hover=\"c:#000;bgc:#fff;boc:#000;bor:30px,30px,30px,30px;bos:solid;oX:50;oY:50;sp:0;\"\n\t\t\t\t\t\t\t\tstyle=\"z-index:7;background-color:#93cb40;font-family:'Montserrat';text-transform:capitalize;cursor:pointer;outline:none;box-shadow:none;box-sizing:border-box;-moz-box-sizing:border-box;-webkit-box-sizing:border-box;\"\n\t\t\t\t\t\t\t>Chi ti\u1ebft \n\t\t\t\t\t\t\t<\/a><!--\n-->\t\t\t\t\t\t<\/rs-slide>\n\t\t\t\t\t\t<rs-slide style=\"position: absolute;\" data-key=\"rs-11\" data-title=\"Slide\" data-in=\"o:0;\" data-out=\"a:false;\">\n\t\t\t\t\t\t\t<img decoding=\"async\" src=\"\/\/asahitecvn.com\/wp-content\/plugins\/revslider\/public\/assets\/assets\/dummy.png\" alt=\"\" title=\"slider-11.png\" width=\"1920\" height=\"700\" class=\"rev-slidebg tp-rs-img rs-lazyload\" data-lazyload=\"\/\/mdqfurniture.com\/wp-content\/uploads\/revslider\/slider-1\/slider-11.png\" data-panzoom=\"d:10000;ss:100;se:109;\" data-no-retina>\n<!--\n\t\t\t\t\t\t\t--><rs-layer\n\t\t\t\t\t\t\t\tid=\"slider-1-slide-11-layer-3\" \n\t\t\t\t\t\t\t\tdata-type=\"text\"\n\t\t\t\t\t\t\t\tdata-color=\"#222222||#222222||#222b2c||#222b2c\"\n\t\t\t\t\t\t\t\tdata-rsp_ch=\"on\"\n\t\t\t\t\t\t\t\tdata-xy=\"x:l,l,c,l;xo:10px,10px,0,10px;yo:204px,204px,138px,97px;\"\n\t\t\t\t\t\t\t\tdata-text=\"s:50,50,36,28;l:64,64,42,34;fw:700;\"\n\t\t\t\t\t\t\t\tdata-frame_0=\"y:100%;\"\n\t\t\t\t\t\t\t\tdata-frame_0_mask=\"u:t;y:100%;\"\n\t\t\t\t\t\t\t\tdata-frame_1=\"e:power2.inOut;st:260;sp:2000;sR:260;\"\n\t\t\t\t\t\t\t\tdata-frame_1_mask=\"u:t;\"\n\t\t\t\t\t\t\t\tdata-frame_999=\"st:w;sR:8360;auto:true;\"\n\t\t\t\t\t\t\t\tstyle=\"z-index:5;font-family:'Montserrat';\"\n\t\t\t\t\t\t\t>C\u1ea7u n\u1ed1i b\u1ec1n v\u1eefng <br>\ncho kh\u00e1t v\u1ecdng Vi\u1ec7t - Nh\u1eadt  \n\t\t\t\t\t\t\t<\/rs-layer><!--\n\n\t\t\t\t\t\t\t--><rs-layer\n\t\t\t\t\t\t\t\tid=\"slider-1-slide-11-layer-4\" \n\t\t\t\t\t\t\t\tdata-type=\"text\"\n\t\t\t\t\t\t\t\tdata-color=\"#777777||#777777||#333333||#333333\"\n\t\t\t\t\t\t\t\tdata-rsp_ch=\"on\"\n\t\t\t\t\t\t\t\tdata-xy=\"x:l,l,c,l;xo:12px,12px,0,10px;yo:348px,348px,239px,191px;\"\n\t\t\t\t\t\t\t\tdata-text=\"s:16;l:28,28,28,26;\"\n\t\t\t\t\t\t\t\tdata-frame_0=\"y:50px;\"\n\t\t\t\t\t\t\t\tdata-frame_1=\"e:power2.inOut;st:910;sp:420;sR:910;\"\n\t\t\t\t\t\t\t\tdata-frame_999=\"y:-50px;o:0;e:nothing;st:w;sR:7670;\"\n\t\t\t\t\t\t\t\tstyle=\"z-index:6;font-family:'Heebo';\"\n\t\t\t\t\t\t\t>H\u1ed7 tr\u1ee3 to\u00e0n di\u1ec7n cho doanh nghi\u1ec7p Nh\u1eadt B\u1ea3n <br>Ki\u1ebfn t\u1ea1o s\u1ef1 nghi\u1ec7p \u0111\u1ec9nh cao cho t\u00e0i n\u0103ng Vi\u1ec7t \n\t\t\t\t\t\t\t<\/rs-layer><!--\n\n\t\t\t\t\t\t\t--><a\n\t\t\t\t\t\t\t\tid=\"slider-1-slide-11-layer-6\" \n\t\t\t\t\t\t\t\tclass=\"rs-layer rev-btn\"\n\t\t\t\t\t\t\t\thref=\"https:\/\/asahitecvn.com\/?page_id=3959\" target=\"_self\"\n\t\t\t\t\t\t\t\tdata-type=\"button\"\n\t\t\t\t\t\t\t\tdata-color=\"rgba(255, 255, 255, 1)\"\n\t\t\t\t\t\t\t\tdata-xy=\"x:l,l,c,l;xo:10px,10px,0,8px;yo:428px,428px,315px,256px;\"\n\t\t\t\t\t\t\t\tdata-text=\"s:16,16,14,12;l:14,14,12,12;fw:600,600,500,500;\"\n\t\t\t\t\t\t\t\tdata-rsp_bd=\"off\"\n\t\t\t\t\t\t\t\tdata-padding=\"t:18,18,10,10;r:35,35,20,20;b:18,18,10,10;l:35,35,20,20;\"\n\t\t\t\t\t\t\t\tdata-border=\"bor:30px,30px,30px,30px;\"\n\t\t\t\t\t\t\t\tdata-frame_0=\"y:50px;\"\n\t\t\t\t\t\t\t\tdata-frame_1=\"e:power2.inOut;st:1330;sp:390;sR:1330;\"\n\t\t\t\t\t\t\t\tdata-frame_999=\"y:-50px;o:0;e:nothing;st:w;sR:7280;\"\n\t\t\t\t\t\t\t\tdata-frame_hover=\"c:#000;bgc:#fff;boc:#000;bor:30px,30px,30px,30px;bos:solid;oX:50;oY:50;sp:0;\"\n\t\t\t\t\t\t\t\tstyle=\"z-index:7;background-color:#93cb40;font-family:'Montserrat';text-transform:capitalize;cursor:pointer;outline:none;box-shadow:none;box-sizing:border-box;-moz-box-sizing:border-box;-webkit-box-sizing:border-box;\"\n\t\t\t\t\t\t\t>Chi ti\u1ebft \n\t\t\t\t\t\t\t<\/a><!--\n-->\t\t\t\t\t\t<\/rs-slide>\n\t\t\t\t\t<\/rs-slides>\n\t\t\t\t<\/rs-module>\n\t\t\t\t<script>\n\t\t\t\t\tsetREVStartSize({c: 'rev_slider_1_1',rl:[1240,1024,778,480],el:[700,768,500,400],gw:[1170,1024,778,480],gh:[700,768,500,400],type:'standard',justify:'',layout:'fullwidth',mh:\"0\"});if (window.RS_MODULES!==undefined && window.RS_MODULES.modules!==undefined && window.RS_MODULES.modules[\"revslider11\"]!==undefined) {window.RS_MODULES.modules[\"revslider11\"].once = false;window.revapi1 = undefined;if (window.RS_MODULES.checkMinimal!==undefined) window.RS_MODULES.checkMinimal()}\n\t\t\t\t<\/script>\n\t\t\t<\/rs-module-wrap>\n\t\t\t<!-- END REVOLUTION SLIDER -->\n[\/vc_column][\/vc_row][vc_row equal_height=&#8221;yes&#8221;][vc_column][vc_row_inner][vc_column_inner][gva_block_heading title=&#8221;T\u1ea1i sao ch\u00fang t\u00f4i \u0111\u01b0\u1ee3c ch\u1ecdn ?&#8221;][\/vc_column_inner][\/vc_row_inner][vc_row_inner][vc_column_inner width=&#8221;1\/3&#8243; offset=&#8221;vc_col-xs-6&#8243;][gva_icon_box title=&#8221;Ch\u1ea5t l\u01b0\u1ee3ng Nh\u1eadt B\u1ea3n&#8221; description=&#8221;V\u1edbi nhi\u1ec1u n\u0103m kinh nghi\u1ec7m ph\u1ee5c v\u1ee5 v\u00e0 nh\u1eadn \u0111\u01b0\u1ee3c s\u1ef1 h\u00e0i l\u00f2ng t\u1eeb qu\u00fd doanh nghi\u1ec7p Nh\u1eadt B\u1ea3n, ch\u00fang t\u00f4i t\u1ef1 tin mang \u0111\u1ebfn tr\u1ea3i nghi\u1ec7m t\u1ed1t nh\u1ea5t cho qu\u00fd kh\u00e1ch h\u00e0ng.&#8221; link=&#8221;#&#8221; icon_width=&#8221;fa-2x&#8221; image=&#8221;3671&#8243;][\/vc_column_inner][vc_column_inner width=&#8221;1\/3&#8243; offset=&#8221;vc_col-xs-6&#8243;][gva_icon_box title=&#8221;T\u1ed1i \u01b0u chi ph\u00ed&#8221; description=&#8221;B\u1eb1ng vi\u1ec7c cung c\u1ea5p cho qu\u00fd kh\u00e1ch h\u00e0ng d\u1ecbch v\u1ee5 t\u1ed1t nh\u1ea5t v\u1edbi gi\u00e1 c\u1ea3 ph\u1ea3i ch\u0103ng, ch\u00fang t\u00f4i gi\u00fap qu\u00fd kh\u00e1ch h\u00e0ng n\u00e2ng cao l\u1ee3i nhu\u1eadn&#8221; link=&#8221;#&#8221; icon_width=&#8221;fa-2x&#8221; image=&#8221;3495&#8243;][\/vc_column_inner][vc_column_inner width=&#8221;1\/3&#8243; offset=&#8221;vc_col-xs-12&#8243;][gva_icon_box title=&#8221;\u0110\u1ed1i t\u00e1c tin c\u1eady&#8221; description=&#8221;Ch\u00fang t\u00f4i \u0111\u1ecbnh v\u1ecb vai tr\u00f2 c\u1ee7a m\u00ecnh kh\u00f4ng \u0111\u01a1n thu\u1ea7n l\u00e0 \u0111\u01a1n v\u1ecb cung c\u1ea5p d\u1ecbch v\u1ee5 ng\u1eafn h\u1ea1n, m\u00e0 ch\u00fang t\u00f4i l\u00e0 \u0111\u1ed1i t\u00e1c s\u1ebd \u0111\u1ed3ng h\u00e0nh c\u00f9ng qu\u00fd kh\u00e1ch h\u00e0ng l\u00e2u d\u00e0i&#8221; link=&#8221;#&#8221; icon_width=&#8221;fa-2x&#8221; image=&#8221;3496&#8243;][\/vc_column_inner][\/vc_row_inner][\/vc_column][\/vc_row][vc_row css=&#8221;.vc_custom_1539230147238{background-image: url(https:\/\/gaviaspreview.com\/wp\/winnex\/wp-contenthttps:\/\/mdqfurniture.com\/wp-content\/uploads\/2018\/10\/bg-1.jpg?id=3505) !important;}&#8221;][vc_column][gva_block_heading title=&#8221;D\u1ecaCH V\u1ee4&#8221; desc=&#8221;C\u00f9ng v\u1edbi c\u00e1c \u0111\u1ed1i t\u00e1c chi\u1ebfn l\u01b0\u1ee3c ch\u00fang t\u00f4i x\u00e2y d\u1ef1ng v\u00e0 cung c\u1ea5p h\u1ec7 sinh th\u00e1i \u0111\u1ea7y \u0111\u1ee7 c\u00e1c d\u1ecbch v\u1ee5 c\u1ea7n thi\u1ebft cho qu\u00fd kh\u00e1ch h\u00e0ng&#8221;][gva_services_grid cats=&#8221;dich-vu&#8221; excerpt_words=&#8221;20&#8243; filter=&#8221;&#8221; items_lg=&#8221;3&#8243; items_md=&#8221;3&#8243; items_sm=&#8221;2&#8243; items_xs=&#8221;2&#8243;][\/vc_column][\/vc_row][vc_row fullwidth=&#8221;0&#8243; row_space=&#8221;remove_padding&#8221;][vc_column][\/vc_column][\/vc_row][vc_row parallax=&#8221;content-moving&#8221; parallax_image=&#8221;3513&#8243; row_space=&#8221;padding-small&#8221;][vc_column][gva_call_to_action title=&#8221;T\u1ef1 h\u00e0o \u0111\u1ed3ng h\u00e0nh g\u1ea7n 1000 qu\u00fd kh\u00e1ch h\u00e0ng&#8221; button_align=&#8221;button-center&#8221; subtitle=&#8221;We are working hard to&#8221; width=&#8221;990px&#8221; link=&#8221;https:\/\/asahitecvn.com\/?page_id=610&#8243; text_link=&#8221;Li\u00ean h\u1ec7&#8221; quick_text=&#8221;+84 987 149 686&#8243;]V\u1edbi h\u01a1n 20 n\u0103m ph\u1ee5c v\u1ee5, ch\u00fang t\u00f4i t\u1ef1 h\u00e0o \u0111\u00e3 g\u00f3p ph\u1ea7n trong s\u1ef1 ph\u00e1t tri\u1ec3n kinh doanh c\u1ee7a qu\u00fd kh\u00e1ch h\u00e0ng[\/gva_call_to_action][\/vc_column][\/vc_row][vc_row row_space=&#8221;padding-extra-small&#8221; css=&#8221;.vc_custom_1539243773000{background-color: #f6f6f6 !important;}&#8221;][vc_column][gva_brands items_lg=&#8221;5&#8243; items_md=&#8221;4&#8243; items_sm=&#8221;3&#8243; items_xs=&#8221;2&#8243; ca_navigation=&#8221;0&#8243; ca_pagination=&#8221;0&#8243;][\/vc_column][\/vc_row]<\/p>\n<\/div>","protected":false},"excerpt":{"rendered":"<p>[vc_row fullwidth=&#8221;0&#8243; row_space=&#8221;remove_padding&#8221; isfullwidth=&#8221;0&#8243;][vc_column][\/vc_column][\/vc_row][vc_row equal_height=&#8221;yes&#8221;][vc_column][vc_row_inner][vc_column_inner][gva_block_heading title=&#8221;T\u1ea1i sao ch\u00fang t\u00f4i \u0111\u01b0\u1ee3c ch\u1ecdn ?&#8221;][\/vc_column_inner][\/vc_row_inner][vc_row_inner][vc_column_inner width=&#8221;1\/3&#8243; offset=&#8221;vc_col-xs-6&#8243;][gva_icon_box title=&#8221;Ch\u1ea5t l\u01b0\u1ee3ng Nh\u1eadt B\u1ea3n&#8221; description=&#8221;V\u1edbi nhi\u1ec1u n\u0103m kinh nghi\u1ec7m ph\u1ee5c v\u1ee5 v\u00e0 nh\u1eadn \u0111\u01b0\u1ee3c s\u1ef1 h\u00e0i l\u00f2ng t\u1eeb qu\u00fd doanh nghi\u1ec7p Nh\u1eadt B\u1ea3n, ch\u00fang t\u00f4i t\u1ef1 tin mang \u0111\u1ebfn tr\u1ea3i nghi\u1ec7m t\u1ed1t nh\u1ea5t cho qu\u00fd kh\u00e1ch h\u00e0ng.&#8221; link=&#8221;#&#8221; icon_width=&#8221;fa-2x&#8221; image=&#8221;3671&#8243;][\/vc_column_inner][vc_column_inner width=&#8221;1\/3&#8243; [&hellip;]<\/p>\n","protected":false},"author":1,"featured_media":0,"parent":0,"menu_order":0,"comment_status":"closed","ping_status":"closed","template":"","meta":{"footnotes":""},"class_list":["post-147","page","type-page","status-publish","hentry"],"lang":"vi","translations":{"vi":147,"ja":3953},"pll_sync_post":[],"_links":{"self":[{"href":"https:\/\/asahitecvn.com\/index.php?rest_route=\/wp\/v2\/pages\/147","targetHints":{"allow":["GET"]}}],"collection":[{"href":"https:\/\/asahitecvn.com\/index.php?rest_route=\/wp\/v2\/pages"}],"about":[{"href":"https:\/\/asahitecvn.com\/index.php?rest_route=\/wp\/v2\/types\/page"}],"author":[{"embeddable":true,"href":"https:\/\/asahitecvn.com\/index.php?rest_route=\/wp\/v2\/users\/1"}],"replies":[{"embeddable":true,"href":"https:\/\/asahitecvn.com\/index.php?rest_route=%2Fwp%2Fv2%2Fcomments&post=147"}],"version-history":[{"count":5,"href":"https:\/\/asahitecvn.com\/index.php?rest_route=\/wp\/v2\/pages\/147\/revisions"}],"predecessor-version":[{"id":4094,"href":"https:\/\/asahitecvn.com\/index.php?rest_route=\/wp\/v2\/pages\/147\/revisions\/4094"}],"wp:attachment":[{"href":"https:\/\/asahitecvn.com\/index.php?rest_route=%2Fwp%2Fv2%2Fmedia&parent=147"}],"curies":[{"name":"wp","href":"https:\/\/api.w.org\/{rel}","templated":true}]}}